{"id":79,"date":"2012-08-30T16:41:19","date_gmt":"2012-08-30T16:41:19","guid":{"rendered":"http:\/\/schuetzenverein-traisbach.de\/?page_id=79"},"modified":"2026-03-08T08:54:56","modified_gmt":"2026-03-08T06:54:56","slug":"bierwanderung","status":"publish","type":"page","link":"http:\/\/schuetzenverein-traisbach.de\/index.php\/bierwanderung\/","title":{"rendered":"Bierwanderung"},"content":{"rendered":"\t\t<div data-elementor-type=\"wp-page\" data-elementor-id=\"79\" class=\"elementor elementor-79\">\n\t\t\t\t\t\t<section class=\"elementor-section elementor-top-section elementor-element elementor-element-5eb3854 elementor-section-boxed elementor-section-height-default elementor-section-height-default\" data-id=\"5eb3854\" data-element_type=\"section\" data-e-type=\"section\">\n\t\t\t\t\t\t<div class=\"elementor-container elementor-column-gap-default\">\n\t\t\t\t\t<div class=\"elementor-column elementor-col-100 elementor-top-column elementor-element elementor-element-f5b0181\" data-id=\"f5b0181\" data-element_type=\"column\" data-e-type=\"column\">\n\t\t\t<div class=\"elementor-widget-wrap elementor-element-populated\">\n\t\t\t\t\t\t<div class=\"elementor-element elementor-element-f72abaa elementor-widget elementor-widget-spacer\" data-id=\"f72abaa\" data-element_type=\"widget\" data-e-type=\"widget\" data-widget_type=\"spacer.default\">\n\t\t\t\t<div class=\"elementor-widget-container\">\n\t\t\t\t\t\t\t<div class=\"elementor-spacer\">\n\t\t\t<div class=\"elementor-spacer-inner\"><\/div>\n\t\t<\/div>\n\t\t\t\t\t\t<\/div>\n\t\t\t\t<\/div>\n\t\t\t\t\t<\/div>\n\t\t<\/div>\n\t\t\t\t\t<\/div>\n\t\t<\/section>\n\t\t\t\t<section class=\"elementor-section elementor-top-section elementor-element elementor-element-fb51215 elementor-section-boxed elementor-section-height-default elementor-section-height-default\" data-id=\"fb51215\" data-element_type=\"section\" data-e-type=\"section\">\n\t\t\t\t\t\t<div class=\"elementor-container elementor-column-gap-default\">\n\t\t\t\t\t<div class=\"elementor-column elementor-col-100 elementor-top-column elementor-element elementor-element-c2357a0\" data-id=\"c2357a0\" data-element_type=\"column\" data-e-type=\"column\" data-settings=\"{&quot;background_background&quot;:&quot;classic&quot;}\">\n\t\t\t<div class=\"elementor-widget-wrap elementor-element-populated\">\n\t\t\t\t\t\t<div class=\"elementor-element elementor-element-1ab9cc6 elementor-widget elementor-widget-heading\" data-id=\"1ab9cc6\" data-element_type=\"widget\" data-e-type=\"widget\" data-widget_type=\"heading.default\">\n\t\t\t\t<div class=\"elementor-widget-container\">\n\t\t\t\t\t<h1 class=\"elementor-heading-title elementor-size-default\">Bierwanderung des Sch\u00fctzenverein Traisbach<\/h1>\t\t\t\t<\/div>\n\t\t\t\t<\/div>\n\t\t\t\t\t<\/div>\n\t\t<\/div>\n\t\t\t\t\t<\/div>\n\t\t<\/section>\n\t\t\t\t<section class=\"elementor-section elementor-top-section elementor-element elementor-element-5dfe8a1 elementor-section-boxed elementor-section-height-default elementor-section-height-default\" data-id=\"5dfe8a1\" data-element_type=\"section\" data-e-type=\"section\">\n\t\t\t\t\t\t<div class=\"elementor-container elementor-column-gap-default\">\n\t\t\t\t\t<div class=\"elementor-column elementor-col-100 elementor-top-column elementor-element elementor-element-10cb6c5\" data-id=\"10cb6c5\" data-element_type=\"column\" data-e-type=\"column\">\n\t\t\t<div class=\"elementor-widget-wrap elementor-element-populated\">\n\t\t\t\t\t\t<div class=\"elementor-element elementor-element-80b09a8 elementor-widget elementor-widget-heading\" data-id=\"80b09a8\" data-element_type=\"widget\" data-e-type=\"widget\" data-widget_type=\"heading.default\">\n\t\t\t\t<div class=\"elementor-widget-container\">\n\t\t\t\t\t<h3 class=\"elementor-heading-title elementor-size-default\">Nach den erfolgreichen Bierwanderungen der letzten Jahre gibt es dieses Jahr selbstverst\u00e4ndlich erneut eine Bierwanderung rund um Traisbach.<\/h3>\t\t\t\t<\/div>\n\t\t\t\t<\/div>\n\t\t\t\t\t<\/div>\n\t\t<\/div>\n\t\t\t\t\t<\/div>\n\t\t<\/section>\n\t\t\t\t<section class=\"elementor-section elementor-top-section elementor-element elementor-element-481be00 elementor-section-boxed elementor-section-height-default elementor-section-height-default\" data-id=\"481be00\" data-element_type=\"section\" data-e-type=\"section\">\n\t\t\t\t\t\t<div class=\"elementor-container elementor-column-gap-default\">\n\t\t\t\t\t<div class=\"elementor-column elementor-col-100 elementor-top-column elementor-element elementor-element-86d3f9d\" data-id=\"86d3f9d\" data-element_type=\"column\" data-e-type=\"column\">\n\t\t\t<div class=\"elementor-widget-wrap elementor-element-populated\">\n\t\t\t\t\t\t<div class=\"elementor-element elementor-element-4626776 elementor-widget elementor-widget-image\" data-id=\"4626776\" data-element_type=\"widget\" data-e-type=\"widget\" data-widget_type=\"image.default\">\n\t\t\t\t<div class=\"elementor-widget-container\">\n\t\t\t\t\t\t\t\t\t\t\t\t\t\t\t<img fetchpriority=\"high\" decoding=\"async\" width=\"768\" height=\"543\" src=\"http:\/\/schuetzenverein-traisbach.de\/wp-content\/uploads\/2026\/03\/Bierwanderung_2026.jpg\" class=\"attachment-medium_large size-medium_large wp-image-3012\" alt=\"\" srcset=\"http:\/\/schuetzenverein-traisbach.de\/wp-content\/uploads\/2026\/03\/Bierwanderung_2026.jpg 768w, http:\/\/schuetzenverein-traisbach.de\/wp-content\/uploads\/2026\/03\/Bierwanderung_2026-300x212.jpg 300w\" sizes=\"(max-width: 768px) 100vw, 768px\" \/>\t\t\t\t\t\t\t\t\t\t\t\t\t\t\t<\/div>\n\t\t\t\t<\/div>\n\t\t\t\t\t<\/div>\n\t\t<\/div>\n\t\t\t\t\t<\/div>\n\t\t<\/section>\n\t\t\t\t<section class=\"elementor-section elementor-top-section elementor-element elementor-element-151c26a elementor-section-boxed elementor-section-height-default elementor-section-height-default\" data-id=\"151c26a\" data-element_type=\"section\" data-e-type=\"section\">\n\t\t\t\t\t\t<div class=\"elementor-container elementor-column-gap-default\">\n\t\t\t\t\t<div class=\"elementor-column elementor-col-100 elementor-top-column elementor-element elementor-element-e99a404\" data-id=\"e99a404\" data-element_type=\"column\" data-e-type=\"column\" data-settings=\"{&quot;background_background&quot;:&quot;classic&quot;}\">\n\t\t\t<div class=\"elementor-widget-wrap elementor-element-populated\">\n\t\t\t\t\t\t<div class=\"elementor-element elementor-element-a01ad92 elementor-widget elementor-widget-heading\" data-id=\"a01ad92\" data-element_type=\"widget\" data-e-type=\"widget\" data-widget_type=\"heading.default\">\n\t\t\t\t<div class=\"elementor-widget-container\">\n\t\t\t\t\t<h2 class=\"elementor-heading-title elementor-size-default\">Die Laufstrecke:<\/h2>\t\t\t\t<\/div>\n\t\t\t\t<\/div>\n\t\t\t\t\t<\/div>\n\t\t<\/div>\n\t\t\t\t\t<\/div>\n\t\t<\/section>\n\t\t\t\t<section class=\"elementor-section elementor-top-section elementor-element elementor-element-d3d04a0 elementor-section-boxed elementor-section-height-default elementor-section-height-default\" data-id=\"d3d04a0\" data-element_type=\"section\" data-e-type=\"section\">\n\t\t\t\t\t\t<div class=\"elementor-container elementor-column-gap-default\">\n\t\t\t\t\t<div class=\"elementor-column elementor-col-100 elementor-top-column elementor-element elementor-element-cad63ea\" data-id=\"cad63ea\" data-element_type=\"column\" data-e-type=\"column\">\n\t\t\t<div class=\"elementor-widget-wrap elementor-element-populated\">\n\t\t\t\t\t\t<div class=\"elementor-element elementor-element-fc81d41 elementor-widget elementor-widget-image\" data-id=\"fc81d41\" data-element_type=\"widget\" data-e-type=\"widget\" data-widget_type=\"image.default\">\n\t\t\t\t<div class=\"elementor-widget-container\">\n\t\t\t\t\t\t\t\t\t\t\t\t\t\t\t<img decoding=\"async\" data-src=\"http:\/\/schuetzenverein-traisbach.de\/wp-content\/uploads\/elementor\/thumbs\/Bierwanderung-2022-q7r6pc41jdellsyvsm31j5db92nnib5unfeoqukc1s.png\" title=\"Bierwanderung 2022\" alt=\"Bierwanderung 2022\" src=\"data:image\/svg+xml;base64,PHN2ZyB3aWR0aD0iMSIgaGVpZ2h0PSIxIiB4bWxucz0iaHR0cDovL3d3dy53My5vcmcvMjAwMC9zdmciPjwvc3ZnPg==\" class=\"lazyload\" style=\"--smush-placeholder-width: 722px; --smush-placeholder-aspect-ratio: 722\/500;\" \/>\t\t\t\t\t\t\t\t\t\t\t\t\t\t\t<\/div>\n\t\t\t\t<\/div>\n\t\t\t\t\t<\/div>\n\t\t<\/div>\n\t\t\t\t\t<\/div>\n\t\t<\/section>\n\t\t\t\t<section class=\"elementor-section elementor-top-section elementor-element elementor-element-83c1717 elementor-section-boxed elementor-section-height-default elementor-section-height-default\" data-id=\"83c1717\" data-element_type=\"section\" data-e-type=\"section\">\n\t\t\t\t\t\t<div class=\"elementor-container elementor-column-gap-default\">\n\t\t\t\t\t<div class=\"elementor-column elementor-col-100 elementor-top-column elementor-element elementor-element-543a7ab\" data-id=\"543a7ab\" data-element_type=\"column\" data-e-type=\"column\">\n\t\t\t<div class=\"elementor-widget-wrap elementor-element-populated\">\n\t\t\t\t\t\t<div class=\"elementor-element elementor-element-0c937f3 elementor-widget elementor-widget-text-editor\" data-id=\"0c937f3\" data-element_type=\"widget\" data-e-type=\"widget\" data-widget_type=\"text-editor.default\">\n\t\t\t\t<div class=\"elementor-widget-container\">\n\t\t\t\t\t\t\t\t\t<p>Die Laufstrecke erstreckt sich \u2013 wie in den letzten Jahren \u2013 \u00fcber 7 km und wird durch einige Zwischenstops bei Bier und kulinarischen K\u00f6stlichkeiten begleitet. Anschlie\u00dfend findet open End am Festplatz wieder die Traisbacher Wiesn statt. F\u00fcr eine stimmungsvolle musikalische Unterhaltung sorgen die Rh\u00f6nadler.<br \/><span style=\"color: #800000;\"><em><strong>Lederhosen und Dirndl sind erw\u00fcnscht.<\/strong><\/em><\/span><\/p>\t\t\t\t\t\t\t\t<\/div>\n\t\t\t\t<\/div>\n\t\t\t\t\t<\/div>\n\t\t<\/div>\n\t\t\t\t\t<\/div>\n\t\t<\/section>\n\t\t\t\t<section class=\"elementor-section elementor-top-section elementor-element elementor-element-8221820 elementor-section-boxed elementor-section-height-default elementor-section-height-default\" data-id=\"8221820\" data-element_type=\"section\" data-e-type=\"section\">\n\t\t\t\t\t\t<div class=\"elementor-container elementor-column-gap-default\">\n\t\t\t\t\t<div class=\"elementor-column elementor-col-100 elementor-top-column elementor-element elementor-element-53a9cef\" data-id=\"53a9cef\" data-element_type=\"column\" data-e-type=\"column\" data-settings=\"{&quot;background_background&quot;:&quot;classic&quot;}\">\n\t\t\t<div class=\"elementor-widget-wrap elementor-element-populated\">\n\t\t\t\t\t\t<div class=\"elementor-element elementor-element-d091278 elementor-widget elementor-widget-heading\" data-id=\"d091278\" data-element_type=\"widget\" data-e-type=\"widget\" data-widget_type=\"heading.default\">\n\t\t\t\t<div class=\"elementor-widget-container\">\n\t\t\t\t\t<h2 class=\"elementor-heading-title elementor-size-default\">Gruppen Preise:<\/h2>\t\t\t\t<\/div>\n\t\t\t\t<\/div>\n\t\t\t\t\t<\/div>\n\t\t<\/div>\n\t\t\t\t\t<\/div>\n\t\t<\/section>\n\t\t\t\t<section class=\"elementor-section elementor-top-section elementor-element elementor-element-3950248 elementor-section-boxed elementor-section-height-default elementor-section-height-default\" data-id=\"3950248\" data-element_type=\"section\" data-e-type=\"section\">\n\t\t\t\t\t\t<div class=\"elementor-container elementor-column-gap-default\">\n\t\t\t\t\t<div class=\"elementor-column elementor-col-100 elementor-top-column elementor-element elementor-element-a79b85b\" data-id=\"a79b85b\" data-element_type=\"column\" data-e-type=\"column\">\n\t\t\t<div class=\"elementor-widget-wrap elementor-element-populated\">\n\t\t\t\t\t\t<div class=\"elementor-element elementor-element-b2e05b1 elementor-widget elementor-widget-text-editor\" data-id=\"b2e05b1\" data-element_type=\"widget\" data-e-type=\"widget\" data-widget_type=\"text-editor.default\">\n\t\t\t\t<div class=\"elementor-widget-container\">\n\t\t\t\t\t\t\t\t\t<p>Als kleinen Anreiz bieten wir f\u00fcr die f\u00fcnf gr\u00f6\u00dften Gruppen Preise an.<br \/>Es kommt <strong>nicht<\/strong> auf die Schnelligkeit an oder auf die getrunkenen Liter Bier, lediglich <strong>die Gruppenst\u00e4rke<\/strong> ist entscheidend.<\/p>\t\t\t\t\t\t\t\t<\/div>\n\t\t\t\t<\/div>\n\t\t\t\t\t<\/div>\n\t\t<\/div>\n\t\t\t\t\t<\/div>\n\t\t<\/section>\n\t\t\t\t<section class=\"elementor-section elementor-top-section elementor-element elementor-element-68e14e3 elementor-section-boxed elementor-section-height-default elementor-section-height-default\" data-id=\"68e14e3\" data-element_type=\"section\" data-e-type=\"section\">\n\t\t\t\t\t\t<div class=\"elementor-container elementor-column-gap-default\">\n\t\t\t\t\t<div class=\"elementor-column elementor-col-100 elementor-top-column elementor-element elementor-element-1646105\" data-id=\"1646105\" data-element_type=\"column\" data-e-type=\"column\" data-settings=\"{&quot;background_background&quot;:&quot;classic&quot;}\">\n\t\t\t<div class=\"elementor-widget-wrap elementor-element-populated\">\n\t\t\t\t\t\t<div class=\"elementor-element elementor-element-8273062 elementor-widget elementor-widget-heading\" data-id=\"8273062\" data-element_type=\"widget\" data-e-type=\"widget\" data-widget_type=\"heading.default\">\n\t\t\t\t<div class=\"elementor-widget-container\">\n\t\t\t\t\t<h2 class=\"elementor-heading-title elementor-size-default\">Ablauf:<\/h2>\t\t\t\t<\/div>\n\t\t\t\t<\/div>\n\t\t\t\t\t<\/div>\n\t\t<\/div>\n\t\t\t\t\t<\/div>\n\t\t<\/section>\n\t\t\t\t<section class=\"elementor-section elementor-top-section elementor-element elementor-element-ea21617 elementor-section-boxed elementor-section-height-default elementor-section-height-default\" data-id=\"ea21617\" data-element_type=\"section\" data-e-type=\"section\">\n\t\t\t\t\t\t<div class=\"elementor-container elementor-column-gap-default\">\n\t\t\t\t\t<div class=\"elementor-column elementor-col-100 elementor-top-column elementor-element elementor-element-6759daf\" data-id=\"6759daf\" data-element_type=\"column\" data-e-type=\"column\">\n\t\t\t<div class=\"elementor-widget-wrap elementor-element-populated\">\n\t\t\t\t\t\t<div class=\"elementor-element elementor-element-c0505c1 elementor-widget elementor-widget-text-editor\" data-id=\"c0505c1\" data-element_type=\"widget\" data-e-type=\"widget\" data-widget_type=\"text-editor.default\">\n\t\t\t\t<div class=\"elementor-widget-container\">\n\t\t\t\t\t\t\t\t\t<p><span style=\"color: #800000;\"><span style=\"color: #000000;\"><strong>Startfenster:<\/strong><\/span> <strong>15:30 \u2013 17:00 Uhr<\/strong><\/span><br \/><em>Die Anmeldung erfolgt am Startpunkt Festhalle\u00a0 Merz.<\/em> <em>Dort ist auch eine kleine Startgeb\u00fchr zu entrichten.<br \/><\/em><span style=\"color: #000000;\"><strong>Traisbacher Wiesen:<\/strong><\/span> ab <span style=\"color: #800000;\"><strong>19:00 Uhr &#8211; open End<\/strong><\/span> mit stimmungsvoller Unterhaltung<\/p><p><a href=\"http:\/\/schuetzenverein-traisbach.de\/wp-content\/uploads\/2021\/03\/000304.jpg\"><img decoding=\"async\" class=\"size-full wp-image-2336 aligncenter lazyload\" data-src=\"http:\/\/schuetzenverein-traisbach.de\/wp-content\/uploads\/2021\/03\/000304.jpg\" alt=\"\" width=\"451\" height=\"132\" data-srcset=\"http:\/\/schuetzenverein-traisbach.de\/wp-content\/uploads\/2021\/03\/000304.jpg 451w, http:\/\/schuetzenverein-traisbach.de\/wp-content\/uploads\/2021\/03\/000304-300x88.jpg 300w\" data-sizes=\"(max-width: 451px) 100vw, 451px\" src=\"data:image\/svg+xml;base64,PHN2ZyB3aWR0aD0iMSIgaGVpZ2h0PSIxIiB4bWxucz0iaHR0cDovL3d3dy53My5vcmcvMjAwMC9zdmciPjwvc3ZnPg==\" style=\"--smush-placeholder-width: 451px; --smush-placeholder-aspect-ratio: 451\/132;\" \/><\/a><\/p><p><span style=\"color: #000000;\"><strong>Siegerehrung der Bierwanderung:<\/strong><\/span> <span style=\"color: #800000;\"><strong>21:00 Uhr<\/strong><\/span> Festhalle Merz<\/p>\t\t\t\t\t\t\t\t<\/div>\n\t\t\t\t<\/div>\n\t\t\t\t\t<\/div>\n\t\t<\/div>\n\t\t\t\t\t<\/div>\n\t\t<\/section>\n\t\t\t\t<section class=\"elementor-section elementor-top-section elementor-element elementor-element-e1449db elementor-section-boxed elementor-section-height-default elementor-section-height-default\" data-id=\"e1449db\" data-element_type=\"section\" data-e-type=\"section\">\n\t\t\t\t\t\t<div class=\"elementor-container elementor-column-gap-default\">\n\t\t\t\t\t<div class=\"elementor-column elementor-col-100 elementor-top-column elementor-element elementor-element-baa7359\" data-id=\"baa7359\" data-element_type=\"column\" data-e-type=\"column\" data-settings=\"{&quot;background_background&quot;:&quot;classic&quot;}\">\n\t\t\t<div class=\"elementor-widget-wrap elementor-element-populated\">\n\t\t\t\t\t\t<div class=\"elementor-element elementor-element-392fe35 elementor-widget elementor-widget-heading\" data-id=\"392fe35\" data-element_type=\"widget\" data-e-type=\"widget\" data-widget_type=\"heading.default\">\n\t\t\t\t<div class=\"elementor-widget-container\">\n\t\t\t\t\t<h2 class=\"elementor-heading-title elementor-size-default\">Bierwanderung? Was genau ist das?<\/h2>\t\t\t\t<\/div>\n\t\t\t\t<\/div>\n\t\t\t\t\t<\/div>\n\t\t<\/div>\n\t\t\t\t\t<\/div>\n\t\t<\/section>\n\t\t\t\t<section class=\"elementor-section elementor-top-section elementor-element elementor-element-d5ae46a elementor-section-boxed elementor-section-height-default elementor-section-height-default\" data-id=\"d5ae46a\" data-element_type=\"section\" data-e-type=\"section\">\n\t\t\t\t\t\t<div class=\"elementor-container elementor-column-gap-default\">\n\t\t\t\t\t<div class=\"elementor-column elementor-col-100 elementor-top-column elementor-element elementor-element-8d8483d\" data-id=\"8d8483d\" data-element_type=\"column\" data-e-type=\"column\">\n\t\t\t<div class=\"elementor-widget-wrap elementor-element-populated\">\n\t\t\t\t\t\t<div class=\"elementor-element elementor-element-8adb903 elementor-widget elementor-widget-text-editor\" data-id=\"8adb903\" data-element_type=\"widget\" data-e-type=\"widget\" data-widget_type=\"text-editor.default\">\n\t\t\t\t<div class=\"elementor-widget-container\">\n\t\t\t\t\t\t\t\t\t<p align=\"left\" data-ft=\"{\">F\u00fcr diejenigen die nichts mit dem Begriff \u201eBierwanderung\u201c anfangen k\u00f6nnen, hier eine kleine Erl\u00e4uterung:<\/p><p align=\"left\" data-ft=\"{\"><span style=\"color: #800000;\"><strong>Was unterscheidet die Bierwanderung von der \u00fcblichen Wanderung und wo liegt nun der Schwerpunkt beim Bier oder beim Wandern? Die Antwort ist ganz klar: bei beidem. <\/strong><\/span><\/p><p align=\"left\" data-ft=\"{\">Das hei\u00dft im Klartext: Die Bierwanderung ist f\u00fcr Wanderer gemacht, die gerne zu Fu\u00df unterwegs sind und zwischendurch Rast bei einem Bierchen machen m\u00f6chten.<\/p><p>Man l\u00e4uft eine 7 km lange Strecke von (Traisbach \u2013 Allmus \u2013 Wiesen \u2013 Traisbach). Dabei kann man die herrliche Natur und das Wetter ( so Gott will ) genie\u00dfen. Damit die Kehle auch etwas von dieser Wanderung hat, haben wir einige Zwischenstops eingebaut, wo man bei einem k\u00fchlen Glas Bier ein kleines P\u00e4uschen einlegen kann. Jede Station bietet ein anderes exklusives Bier, sowie eine kulinarische K\u00f6stlichkeit an.<\/p>\t\t\t\t\t\t\t\t<\/div>\n\t\t\t\t<\/div>\n\t\t\t\t\t<\/div>\n\t\t<\/div>\n\t\t\t\t\t<\/div>\n\t\t<\/section>\n\t\t\t\t<\/div>\n\t\t","protected":false},"excerpt":{"rendered":"<p>Bierwanderung des Sch\u00fctzenverein Traisbach Nach den erfolgreichen Bierwanderungen der letzten Jahre gibt es dieses Jahr selbstverst\u00e4ndlich erneut eine Bierwanderung rund um Traisbach. Die Laufstrecke: Die Laufstrecke erstreckt sich \u2013 wie in den letzten Jahren \u2013 \u00fcber 7 km und wird durch einige Zwischenstops bei Bier und kulinarischen K\u00f6stlichkeiten begleitet. Anschlie\u00dfend findet open End am Festplatz [&hellip;]<\/p>\n","protected":false},"author":1,"featured_media":0,"parent":0,"menu_order":0,"comment_status":"closed","ping_status":"closed","template":"","meta":{"ocean_post_layout":"","ocean_both_sidebars_style":"","ocean_both_sidebars_content_width":0,"ocean_both_sidebars_sidebars_width":0,"ocean_sidebar":"","ocean_second_sidebar":"","ocean_disable_margins":"enable","ocean_add_body_class":"","ocean_shortcode_before_top_bar":"","ocean_shortcode_after_top_bar":"","ocean_shortcode_before_header":"","ocean_shortcode_after_header":"","ocean_has_shortcode":"","ocean_shortcode_after_title":"","ocean_shortcode_before_footer_widgets":"","ocean_shortcode_after_footer_widgets":"","ocean_shortcode_before_footer_bottom":"","ocean_shortcode_after_footer_bottom":"","ocean_display_top_bar":"default","ocean_display_header":"default","ocean_header_style":"","ocean_center_header_left_menu":"","ocean_custom_header_template":"","ocean_custom_logo":0,"ocean_custom_retina_logo":0,"ocean_custom_logo_max_width":0,"ocean_custom_logo_tablet_max_width":0,"ocean_custom_logo_mobile_max_width":0,"ocean_custom_logo_max_height":0,"ocean_custom_logo_tablet_max_height":0,"ocean_custom_logo_mobile_max_height":0,"ocean_header_custom_menu":"","ocean_menu_typo_font_family":"","ocean_menu_typo_font_subset":"","ocean_menu_typo_font_size":0,"ocean_menu_typo_font_size_tablet":0,"ocean_menu_typo_font_size_mobile":0,"ocean_menu_typo_font_size_unit":"px","ocean_menu_typo_font_weight":"","ocean_menu_typo_font_weight_tablet":"","ocean_menu_typo_font_weight_mobile":"","ocean_menu_typo_transform":"","ocean_menu_typo_transform_tablet":"","ocean_menu_typo_transform_mobile":"","ocean_menu_typo_line_height":0,"ocean_menu_typo_line_height_tablet":0,"ocean_menu_typo_line_height_mobile":0,"ocean_menu_typo_line_height_unit":"","ocean_menu_typo_spacing":0,"ocean_menu_typo_spacing_tablet":0,"ocean_menu_typo_spacing_mobile":0,"ocean_menu_typo_spacing_unit":"","ocean_menu_link_color":"","ocean_menu_link_color_hover":"","ocean_menu_link_color_active":"","ocean_menu_link_background":"","ocean_menu_link_hover_background":"","ocean_menu_link_active_background":"","ocean_menu_social_links_bg":"","ocean_menu_social_hover_links_bg":"","ocean_menu_social_links_color":"","ocean_menu_social_hover_links_color":"","ocean_disable_title":"default","ocean_disable_heading":"default","ocean_post_title":"","ocean_post_subheading":"","ocean_post_title_style":"","ocean_post_title_background_color":"","ocean_post_title_background":0,"ocean_post_title_bg_image_position":"","ocean_post_title_bg_image_attachment":"","ocean_post_title_bg_image_repeat":"","ocean_post_title_bg_image_size":"","ocean_post_title_height":0,"ocean_post_title_bg_overlay":0.5,"ocean_post_title_bg_overlay_color":"","ocean_disable_breadcrumbs":"default","ocean_breadcrumbs_color":"","ocean_breadcrumbs_separator_color":"","ocean_breadcrumbs_links_color":"","ocean_breadcrumbs_links_hover_color":"","ocean_display_footer_widgets":"default","ocean_display_footer_bottom":"default","ocean_custom_footer_template":"","footnotes":""},"class_list":["post-79","page","type-page","status-publish","hentry","entry"],"_links":{"self":[{"href":"http:\/\/schuetzenverein-traisbach.de\/index.php\/wp-json\/wp\/v2\/pages\/79","targetHints":{"allow":["GET"]}}],"collection":[{"href":"http:\/\/schuetzenverein-traisbach.de\/index.php\/wp-json\/wp\/v2\/pages"}],"about":[{"href":"http:\/\/schuetzenverein-traisbach.de\/index.php\/wp-json\/wp\/v2\/types\/page"}],"author":[{"embeddable":true,"href":"http:\/\/schuetzenverein-traisbach.de\/index.php\/wp-json\/wp\/v2\/users\/1"}],"replies":[{"embeddable":true,"href":"http:\/\/schuetzenverein-traisbach.de\/index.php\/wp-json\/wp\/v2\/comments?post=79"}],"version-history":[{"count":3,"href":"http:\/\/schuetzenverein-traisbach.de\/index.php\/wp-json\/wp\/v2\/pages\/79\/revisions"}],"predecessor-version":[{"id":3020,"href":"http:\/\/schuetzenverein-traisbach.de\/index.php\/wp-json\/wp\/v2\/pages\/79\/revisions\/3020"}],"wp:attachment":[{"href":"http:\/\/schuetzenverein-traisbach.de\/index.php\/wp-json\/wp\/v2\/media?parent=79"}],"curies":[{"name":"wp","href":"https:\/\/api.w.org\/{rel}","templated":true}]}}